{"id":6,"date":"2018-03-04T20:39:10","date_gmt":"2018-03-04T20:39:10","guid":{"rendered":"http:\/\/dstest1.irisnetlab.be\/?page_id=6"},"modified":"2018-03-06T19:28:59","modified_gmt":"2018-03-06T19:28:59","slug":"passions","status":"publish","type":"page","link":"https:\/\/www.fxdedonnea.be\/?page_id=6","title":{"rendered":"Passions"},"content":{"rendered":"<p><b>A pour Apprendre<\/b><br \/>\n\u00bb C\u2019est en tant que Secr\u00e9taire d\u2019Etat \u00e0 la Coop\u00e9ration que j\u2019ai le plus appris, \u00e0 la D\u00e9fense que je me<br \/>\nsuis le mieux amus\u00e9, au Parlement europ\u00e9en que j\u2019ai le plus dout\u00e9, \u00e0 la Ville que j\u2019ai connu mes<br \/>\nmoments les plus p\u00e9nibles. Mais, je ne me suis ennuy\u00e9 nulle part. En fait, je ne m\u2019ennuie jamais ! \u00ab<\/p>\n<p align=\"left\"><b>\u00a0B comme Branch\u00e9<\/b><br \/>\n\u00bb Joker ! \u00a0\u00bb<br \/>\nEn musique il aime le tango et adamo, mais aussi Pavarotti et C\u00e9line Dion. Au cin\u00e9ma, il appr\u00e9ciait<br \/>\nGary Cooper mais est rest\u00e9 scotch\u00e9 devant Jurassic Park. Il relit Simenon avec plaisir, mais pour se<br \/>\nmarrer il pr\u00e9f\u00e8re Royer. Quant \u00e0 son actrice pr\u00e9f\u00e9r\u00e9e, il avoue certaines faiblesses pour Julia<br \/>\nRoberts. A la t\u00e9l\u00e9 il ne rate jamais la m\u00e9t\u00e9o, mais ne regarderait Loft Story pour rien au monde.<\/p>\n<p align=\"left\"><b>\u00a0<\/b><b>C comme Cic\u00e9ron<\/b><br \/>\n\u00bb C\u2019est en \u00e9tudiant Cic\u00e9ron, au cours de latin en rh\u00e9to, que ma vocation politique est n\u00e9e \u00ab\u00a0.<\/p>\n<p align=\"left\"><b>\u00a0D comme travers\u00e9e du D\u00e9sert<\/b><br \/>\nLa travers\u00e9e du d\u00e9sert pour un homme politique, c\u2019est l\u2019occasion de se ressourcer et de se<br \/>\nrevigorer.<\/p>\n<p align=\"left\"><b>\u00a0E comme Europe<\/b><br \/>\n\u00ab\u00a0Le parlement europ\u00e9en est la plus grande caisse de r\u00e9sonance des ambitions des citoyens<br \/>\neurop\u00e9ens. En tant que simple quidam, je pense que l\u2019Europe c\u2019est l\u2019avenir, une nouvelle fronti\u00e8re.<br \/>\nPour moi, en 2020 Bruxelles sera la capitale de tout le continent europ\u00e9en. \u00ab<\/p>\n<p align=\"left\"><b>\u00a0F comme Fratrie<\/b><br \/>\n\u00bb Je suis n\u00e9 \u00e0 Edegem, sous le signe du taureau, ce qui m\u2019importe peu, et j\u2019ai deux fr\u00e8res. \u00ab<\/p>\n<p align=\"left\"><b>\u00a0G comme G\u00e9ographie<\/b><br \/>\n\u00bb C\u2019\u00e9tait ma mati\u00e8re pr\u00e9f\u00e9r\u00e9e \u00e0 l\u2019\u00e9cole, quand j\u2019\u00e9tais petit \u00ab\u00a0.<\/p>\n<p align=\"left\"><b>\u00a0H comme rendez-vous avec l\u2019Histoire<\/b><br \/>\n\u00bb Je n\u2019ai eu le sentiment d\u2019avoir rendez-vous avec l\u2019histoire qu\u2019une fois dans ma vie : lorsque j\u2019ai<br \/>\nc\u00e9l\u00e9br\u00e9 le mariage du Prince Philippe et de la Princesse Mathilde \u00ab<\/p>\n<p align=\"left\"><b>\u00a0I comme Impressionn\u00e9<\/b><br \/>\n\u00bb Mon p\u00e8re est la personnalit\u00e9 qui m\u2019a le plus impressionn\u00e9. Churchill est \u00e0 mes yeux le plus grand<br \/>\nhomme politique. Mais si je devais avoir un mod\u00e8le, ce serait Charles Quint \u00ab\u00a0.<\/p>\n<p align=\"left\"><b>\u00a0J comment peut-on promouvoir une politique en faveur des Jeunes sans \u00eatre branch\u00e9 ?<\/b><br \/>\n\u00bb Mais je suis branch\u00e9 ! \u00ab<\/p>\n<p align=\"left\"><b>\u00a0K comme Kaaba, Kaddish, Kali, Kami<\/b><br \/>\n\u00bb Catholique, Juif, Musulman, Bouddhiste, Hindou, Shinto\u00efste\u2026 L\u2019homme ne vit pas que de pain, il a<br \/>\naussi besoin de spiritualit\u00e9. \u00ab<\/p>\n<p align=\"left\"><b>\u00a0L comme : que signifie encore aujourd\u2019hui \u00eatre Lib\u00e9ral ?<\/b><br \/>\n\u00bb C\u2019est \u00eatre respectueux de la personne humaine, de ses choix sur le plan personnel, philosophique,<br \/>\n\u00e9conomique et social, dans les limites de l\u2019int\u00e9r\u00eat g\u00e9n\u00e9ral. \u00ab<\/p>\n<p align=\"left\"><b>\u00a0M\u2026 associ\u00e9 \u00e0 R<\/b><br \/>\n\u00ab\u00a0Un parti doit \u00e9voluer avec son temps et les pr\u00e9occupations de ses contemporains. Le MR est plus<br \/>\nque jamais lib\u00e9ral aujourd\u2019hui. \u00ab<\/p>\n<p>\u00a0<b>N comme Neige<\/b><br \/>\n\u00bb L\u2019un des plus terribles souvenirs de mon service militaire : le ramping dans la neige \u00e0 Arlon.<br \/>\nHeureusement, j\u2019en conserve de meilleurs, comme la camaraderie avec les copains de chambr\u00e9e. \u00ab<\/p>\n<p align=\"left\"><b>\u00a0O comme Occupation<\/b><br \/>\n\u00bb J\u2019aime d\u00e9couvrir le monde, lire, faire de la plong\u00e9e. Je ne suis ni joueur, ni collectionneur, je n\u2019ai<br \/>\npas de don artistique, mais je sais cuisiner recoudre un bouton et repasser ! \u00ab<\/p>\n<p align=\"left\"><b>\u00a0P comme Professeur<\/b><br \/>\n\u00ab\u00a0Enfant, je voulais \u00eatre Professeur d\u2019Universit\u00e9 une fois que je serais grand. P comme Pr\u00e9monition!\u00a0\u00bb<\/p>\n<p align=\"left\"><b>\u00a0Q pour (un m\u00e8tre) Quatre-vingt-neuf et demi<\/b><br \/>\n\u00ab\u00a0Ben oui, je suis un grand homme d\u2019\u00e9tat, du moins au sens propre du terme! \u00ab<\/p>\n<p align=\"left\"><b>\u00a0R comme R\u00e9ussite<\/b><br \/>\n\u00ab\u00a0Ma plus belle r\u00e9ussite d\u2019homme politique est d\u2019avoir pr\u00e9sid\u00e9 \u00e0 la renaissance et \u00e0 la r\u00e9novation de<br \/>\nBruxelles depuis 1995. \u00ab<\/p>\n<p align=\"left\"><b>\u00a0S comme Scout<\/b><br \/>\n\u00bb J\u2019ai \u00e9t\u00e9 scout. Tourterelle \u00e9tait mon totem. Le scoutisme m\u2019a donn\u00e9 l\u2019esprit d\u2019aventure et le go\u00fbt<br \/>\ndes grands espaces naturels. \u00ab<\/p>\n<p align=\"left\"><b>\u00a0T comme Tol\u00e9rance<\/b><br \/>\n\u00bb J\u2019ai eu la chance d\u2019\u00e9tudier \u00e0 l\u2019\u00e9tranger, aux Pays-Bas et aux Etats-Unis. C\u2019est une exp\u00e9rience que<br \/>\nje recommande chaudement : \u00e9tudier ne f\u00fbt-ce qu\u2019un an \u00e0 l\u2019\u00e9tranger fait perdre bien des pr\u00e9jug\u00e9s<br \/>\net am\u00e8ne \u00e0 relativiser sa propre \u00e9chelle des valeurs. Baigner ainsi dans un autre milieu culturel<br \/>\n\u00e9largit vos vues et d\u00e9veloppe l\u2019esprit de tol\u00e9rance. \u00ab<\/p>\n<p align=\"left\"><b>\u00a0U comme Utile<\/b><br \/>\n\u00ab\u00a0C\u2019est comme Bourgmestre de la Ville de Bruxelles que j\u2019ai eu le plus le sentiment d\u2019\u00eatre utile. \u00ab<\/p>\n<p align=\"left\"><b>\u00a0V comme Voyages<\/b><br \/>\n\u00bb J\u2019aime l\u2019Afrique pour le sens de la f\u00eate, le Moyen-Orient pour son sens de l\u2019hospitalit\u00e9, l\u2019Asie pour<br \/>\nsons sens du raffinement et l\u2019Am\u00e9rique Latine pour ses grands espaces sauvages. \u00ab<\/p>\n<p align=\"left\"><b>\u00a0W comme Wolong<\/b><br \/>\n\u00bb C\u2019est un laboratoire de recherches et de protection des pandas g\u00e9ants situ\u00e9 dans le sud-ouest de<br \/>\nla Chine (dans la province de Sichuan) que j\u2019ai visit\u00e9 au printemps 2002 lorsque la r\u00e9gion de<br \/>\nBruxelles-Capitale est all\u00e9e signer un accord de Coop\u00e9ration avec la R\u00e9publique Populaire de Chine<br \/>\net o\u00f9 j\u2019ai pu c\u00f4toyer\u2026 d\u2019assez pr\u00e8s un b\u00e9b\u00e9 panda. \u00ab<\/p>\n<p align=\"left\"><b>\u00a0X comme X\u00e9nophobie<\/b><br \/>\n\u00bb La x\u00e9nophobie na\u00eet de la peur de l\u2019autre et la peur est mauvaise conseill\u00e8re. Par l\u2019\u00e9ducation et la<br \/>\nculture, il faut faire en sorte que chacun soit en mesure d\u2019analyser sa peur pour la vaincre, afin que<br \/>\ntriomphe la compr\u00e9hension mutuelle. \u00ab<\/p>\n<p align=\"left\"><b>\u00a0Y comme poulet Yassa<\/b><br \/>\n\u00bb C\u2019est d\u00e9licieux, mais mon plat favori reste le filet am\u00e9ricain. \u00ab<\/p>\n<p align=\"left\"><b>\u00a0Z comme le Zoo du D\u00e9put\u00e9<\/b><br \/>\n\u00bb Kemba est un perroquet que j\u2019ai re\u00e7u dans le village de Kemba, en 1985 lorsque j\u2019\u00e9tais en visite<br \/>\nau Congo et Soupir \u00e9tait mon bouledogue fran\u00e7ais qui m\u2019a accompagn\u00e9 de longues ann\u00e9es \u00ab<\/p>\n","protected":false},"excerpt":{"rendered":"<p>A pour Apprendre \u00bb C\u2019est en tant que Secr\u00e9taire d\u2019Etat \u00e0 la Coop\u00e9ration que j\u2019ai le plus appris, \u00e0 la D\u00e9fense que je me suis le mieux amus\u00e9, au Parlement europ\u00e9en que j\u2019ai le plus dout\u00e9, \u00e0 la Ville que j\u2019ai connu mes moments les plus p\u00e9nibles. Mais, je ne me suis ennuy\u00e9 nulle part. &hellip; <a href=\"https:\/\/www.fxdedonnea.be\/?page_id=6\" class=\"more-link\">Continuer la lecture<span class=\"screen-reader-text\"> de &laquo;&nbsp;Passions&nbsp;&raquo;<\/span><\/a><\/p>\n","protected":false},"author":1,"featured_media":0,"parent":0,"menu_order":0,"comment_status":"closed","ping_status":"closed","template":"","meta":[],"_links":{"self":[{"href":"https:\/\/www.fxdedonnea.be\/index.php?rest_route=\/wp\/v2\/pages\/6"}],"collection":[{"href":"https:\/\/www.fxdedonnea.be\/index.php?rest_route=\/wp\/v2\/pages"}],"about":[{"href":"https:\/\/www.fxdedonnea.be\/index.php?rest_route=\/wp\/v2\/types\/page"}],"author":[{"embeddable":true,"href":"https:\/\/www.fxdedonnea.be\/index.php?rest_route=\/wp\/v2\/users\/1"}],"replies":[{"embeddable":true,"href":"https:\/\/www.fxdedonnea.be\/index.php?rest_route=%2Fwp%2Fv2%2Fcomments&post=6"}],"version-history":[{"count":2,"href":"https:\/\/www.fxdedonnea.be\/index.php?rest_route=\/wp\/v2\/pages\/6\/revisions"}],"predecessor-version":[{"id":297,"href":"https:\/\/www.fxdedonnea.be\/index.php?rest_route=\/wp\/v2\/pages\/6\/revisions\/297"}],"wp:attachment":[{"href":"https:\/\/www.fxdedonnea.be\/index.php?rest_route=%2Fwp%2Fv2%2Fmedia&parent=6"}],"curies":[{"name":"wp","href":"https:\/\/api.w.org\/{rel}","templated":true}]}}