{"id":5,"date":"2018-03-04T20:39:10","date_gmt":"2018-03-04T20:39:10","guid":{"rendered":"http:\/\/dstest1.irisnetlab.be\/?page_id=5"},"modified":"2025-05-24T07:43:50","modified_gmt":"2025-05-24T07:43:50","slug":"a-propos","status":"publish","type":"page","link":"https:\/\/www.fxdedonnea.be\/?page_id=5","title":{"rendered":"Curriculum vitae"},"content":{"rendered":"<p>CURRICULUM VITAE de Fran\u00e7ois-Xavier de DONNEA<\/p>\n<p><a href=\"https:\/\/www.fxdedonnea.be\/?page id=389\">(English resume)<\/a><\/p>\n<p>Date de naissance : 29 avril 1941 \u00e0 EDEGEM<br \/>\nEtat civil : mari\u00e9 (Yolaine de VILLEGAS)<\/p>\n<p>FONCTIONS ACTUELLES<\/p>\n<p>\u2013 Ministre d\u2019Etat<br \/>\n\u2013 Membre honoraire de la Chambre des Repr\u00e9sentants<br \/>\n\u2013 S\u00e9nateur Honoraire<br \/>\n\u2013 Professeur \u00e9m\u00e9rite de l\u2019Universit\u00e9 Catholique de Louvain<br \/>\n\u2013 Ex-Pr\u00e9sident du Club du Sahel et de l\u2019Afrique de l\u2019Ouest (2009-2018)<br \/>\n\u2013 Pr\u00e9sident du Comit\u00e9 de Conciliation et d\u2019Arbitrage du MR<br \/>\n\u2013 Pr\u00e9sident d\u2019Egmont-Institut Royal des Relations Internationales<br \/>\n\u2013 Membre du Conseil strat\u00e9gique de l\u2019universit\u00e9 Saint Joseph \u00e0 Beyrouth<br \/>\n-Ancien\u00a0 Pr\u00e9sident du Conseil f\u00e9d\u00e9ral du d\u00e9veloppement durable (<a href=\"https:\/\/www.frdo-cfdd.be\/fr\">CFDD)<\/a><br \/>\n&#8211; Membre du Conseil d\u2019Administration de la <a href=\"http:\/\/www.virunga.org\">Virunga Foundation<\/a> (UK), Fondation gestionnaire du Parc des Virunga en R\u00e9publique D\u00e9mocratique du Congo<br \/>\n\u2013 Pr\u00e9sident du Fonds Virunga Belgique ASBL<br \/>\n\u2013 G\u00e9rant de Virunga sprl (Belgique)<br \/>\n\u2013 G\u00e9rant de Virunga Enzymes sarl (RDC)<br \/>\n\u2013 Pr\u00e9sident de l\u2019African Parks Congo asbl (RD Congo)<br \/>\n\u2013 Membre Fondateur du Fonds Fiduciaire pour les Aires Prot\u00e9g\u00e9es en R\u00e9publique\u00a0D\u00e9mocratique du Congo<br \/>\n&#8211; Vice-pr\u00e9sident du CRE-AC, Centre d\u2019expertise et de dialogue\u00a0sur l\u2019Afrique centrale.<\/p>\n<p>STATUT MILITAIRE<\/p>\n<p>\u2013 Officier de r\u00e9serve d\u2019infanterie e.r.<br \/>\n\u2013 Service militaire d\u00e9cembre 1965 \u2013 f\u00e9vrier 1967<\/p>\n<p>ETUDES \u2013 Dipl\u00f4mes universitaires<\/p>\n<p>\u2013 Licenci\u00e9 en Sciences \u00e9conomiques appliqu\u00e9es (U.C.L. \u2013 1963)<br \/>\n\u2013 Master of Business Administration (University of California at Berkeley \u2013 1965)<br \/>\n\u2013 Licenci\u00e9 en Sciences \u00e9conomiques (U.C.L. \u2013 1968)<br \/>\n\u2013 Docteur en Sciences \u00e9conomiques (Nederlands Economische Hogeschool, Erasmus Universiteit,<br \/>\nRotterdam \u2013 1971)<\/p>\n<p>FONCTIONS ANTERIEURES<\/p>\n<p>1. UNIVERSITE<\/p>\n<p><em>Universit\u00e9 de Louvain<\/em><br \/>\nAssistant (1967-1971)<br \/>\nCharg\u00e9 de cours (1971-1977)<br \/>\nProfesseur ordinaire (1980-1981), titulaire de cours d\u2019\u00e9conomie et de gestion publique<br \/>\nResponsable du Centre de Recherche en Gestion publique de l\u2019Institut d\u2019Administration<br \/>\net de Gestion (1971-1981)<br \/>\nProfesseur extraordinaire (janvier 82 \u2013 octobre 1997)<br \/>\nProfesseur \u00e9m\u00e9rite depuis octobre 2006<\/p>\n<p><em>Facult\u00e9 universitaire de Mons<\/em><br \/>\nCharg\u00e9 de cours (part time) 1971-1982.<\/p>\n<p><em>Ecole des Administrateurs militaires<\/em><br \/>\nProfesseur (part time) (1980-1981)<\/p>\n<p>2. INSTITUTIONS DE L\u2019UNION EUROPEENNE<\/p>\n<p>\u2013 D\u00e9put\u00e9 au parlement europ\u00e9en (juillet 1989 \u2013 d\u00e9cembre 1991)<br \/>\n\u2013 Pr\u00e9sident du Conseil europ\u00e9en de la Recherche pendant la Pr\u00e9sidence belge\u00a0(juillet 2001-d\u00e9cembre 2001)<br \/>\n\u2013 Membre du Comit\u00e9 des R\u00e9gions (de janvier 2002 \u00e0 juin 2003)<\/p>\n<p>3. POUVOIRS PUBLICS BELGES.<\/p>\n<p>M\u00e9diateur royal (17 juillet-19 septembre 2008)<\/p>\n<p><em>Parlement<\/em><br \/>\nS\u00e9nateur coopt\u00e9 (d\u00e9cembre 1981 \u2013 octobre 1985)<br \/>\nPr\u00e9sident de la Commission des Finances du S\u00e9nat (janvier 1983 \u2013 juin 1983)<br \/>\nMembre de la Chambre des Repr\u00e9sentants (octobre 1985 \u2013 juin 1989)<br \/>\nS\u00e9nateur, Pr\u00e9sident du Groupe PRL du S\u00e9nat (24 novembre 1991 \u2013 7 avril 1995)<br \/>\nMembre de la Chambre des Repr\u00e9sentants (21 mai 1995 -17 octobre 2000)<br \/>\nPr\u00e9sident de la Commission des Relations ext\u00e9rieures de la Chambre de d\u00e9cembre 1995 \u00e0\u00a0novembre 1998 et de septembre 2010 \u00e0 avril 2014<br \/>\nMembre de la Chambre des Repr\u00e9sentants (mai 2003 \u2013 mai 2014)<br \/>\nPr\u00e9sident de la Commission des Finances et du Budget de la Chambre des Repr\u00e9sentants\u00a0(juillet 2003 \u2013 mai 2010)<br \/>\nPr\u00e9sident de la Commission d\u2019Enqu\u00eate parlementaire sur la grande fraude fiscale\u00a0(26 mai 2008 \u2013 13 mai 2009)<br \/>\nPr\u00e9sident de la Commission de Suivi du Comit\u00e9 de Contr\u00f4le des Services de Police (d\u00e9cembre\u00a02008 \u2013 juin 2010)<br \/>\nD\u00e9l\u00e9gu\u00e9 \u00e0 l\u2019Assembl\u00e9e parlementaire de l\u2019OSCE (2003 \u2013 2014)<br \/>\nD\u00e9l\u00e9gu\u00e9 \u00e0 l\u2019Union Interparlementaire (2003 \u2013 2014)<\/p>\n<p><em>Gouvernement f\u00e9d\u00e9ral<\/em><br \/>\nSecr\u00e9taire d\u2019Etat \u00e0 la Coop\u00e9ration au D\u00e9veloppement (juin 1983 \u2013 novembre 1985)<br \/>\nMinistre de la R\u00e9gion bruxelloise (Pr\u00e9sident de l\u2019Ex\u00e9cutif r\u00e9gional) (novembre 1985 \u2013 mai 1988)<br \/>\nMinistre de la D\u00e9fense nationale (novembre 1985 \u2013 mai 1988)<\/p>\n<p><em>Gouvernement de la R\u00e9gion de Bruxelles-Capitale<\/em><br \/>\nFormateur du Gouvernement bruxellois en mai-juin 1995 et en juin-juillet 1999<br \/>\nMinistre-Pr\u00e9sident de la R\u00e9gion de Bruxelles-Capitale (du 18 octobre 2000 au 4 juin 2003)<\/p>\n<p><em>Ville de Bruxelles<\/em><br \/>\nBourgmestre de la Ville de Bruxelles du 3 janvier 1995 au 11 janvier 2001<br \/>\nPr\u00e9sident de la Foire Internationale de Bruxelles de janvier 1995 \u00e0 novembre 2000<br \/>\nPr\u00e9sident du Parc des Expositions de Bruxelles de janvier 1995 \u00e0 juin 2000<br \/>\nPr\u00e9sident de l\u2019asbl\u00a0\u00a0\u00ab\u00a0Bruxelles, Ville europ\u00e9enne de la Culture de l\u2019an 2000\u00a0\u00bb (1996 \u2013 2004)<br \/>\nConseiller communal de mars 1983 \u00e0 d\u00e9cembre 2006<\/p>\n<p>Divers<br \/>\nChef de Cabinet du Secr\u00e9taire d\u2019Etat aux Affaires \u00e9conomiques (1974-1976)<br \/>\nCharg\u00e9 de mission avec rang de Chef de Cabinet adjoint du Ministre du Commerce ext\u00e9rieur<br \/>\n(1976-1977)<br \/>\nAdministrateur de l\u2019Office belge du Commerce ext\u00e9rieur (1977-1979)<br \/>\nMembre du Comit\u00e9 consultatif de la R\u00e9gie des Services frigorifiques de l\u2019Etat belge (R\u00e9fribel)<br \/>\n(1974-1977)<br \/>\nAdministrateur et membre du bureau du Centre d\u2019Etudes de l\u2019Energie nucl\u00e9aire (MOL) (1975-1981)<br \/>\nAdministrateur (pour le compte de l\u2019Etat) de la Soci\u00e9t\u00e9 Hainaut-Sambre (1979-1981), des Laminoirs\u00a0du Ruau (1979 \u2013 juin 1981), de Cockerill-Sambre (juin \u2013 d\u00e9cembre 1981)<br \/>\nVice-Pr\u00e9sident de l\u2019Office r\u00e9gional d\u2019Informatique (mai 1982 \u2013 juin 1983)<br \/>\nAdministrateur de Distrigaz (juin 1982 \u2013 juin 1983)<br \/>\nPr\u00e9sident de l\u2019Ecole R\u00e9gionale et Intercommunale de Police de Bruxelles de f\u00e9vrier 1995 \u00e0 octobre 2000<br \/>\nAdministrateur d\u2019Egmont-Institut Royal des Relations internationales\u00a0de\u00a01988 \u00e0 2018<br \/>\nFacilitateur belge du <a href=\"http:\/\/pfbc-cbfp.org\/accueil.html\">Partenariat pour les for\u00eats du Bassin du Congo<\/a> (2018-2019)<\/p>\n<p>4. ORGANISATION POUR LA SECURITE ET LA COOPERATION EN EUROPE<\/p>\n<p>Membre de Assembl\u00e9e parlementaire de l\u2019OSCE (1999-2000) et de nouveau depuis octobre 2003.<br \/>\nEnvoy\u00e9 personnel du Pr\u00e9sident en exercice de l\u2019OSCE pour l\u2019observation des \u00e9lections (mars 2006-octobre 2006)<\/p>\n<p>5. PARTI POLITIQUE<br \/>\nSecr\u00e9taire g\u00e9n\u00e9ral politique du Parti R\u00e9formateur Lib\u00e9ral (janvier 1982 \u2013 mai 1983)<br \/>\nPr\u00e9sident de la R\u00e9gionale de Bruxelles du PRL de juin 1994 \u00e0 octobre 2000<br \/>\nMembre du Comit\u00e9 g\u00e9n\u00e9ral du Mouvement R\u00e9formateur (MR)<\/p>\n<p>6. SECTEUR PRIVE<\/p>\n<p>Administrateur d\u2019Akzo Nobel International (mai 1991 \u2013 juin 1996)<br \/>\nAdministrateur d\u2019Akzo Nobel sa (mai 1991 \u2013 juin 1996)<br \/>\nPr\u00e9sident de T\u00e9l\u00e9-Bruxelles (sept. 1995 \u00e0 sept. 1997)<br \/>\nAdministrateur du Cr\u00e9dit Communal de Belgique (devenu Dexia Banque en mai 2000) (d\u2019avril 1992 \u00e0 octobre 2000)<br \/>\nVice-Pr\u00e9sident de Dexia Belgium et Administrateur du Cr\u00e9dit Local de France (novembre 1996 \u00e0 novembre 1999)<br \/>\nAdministrateur du Holding Communal (de 1996 \u00e0 octobre 2000)<br \/>\nAdministrateur et membre du Comit\u00e9 strat\u00e9gique de Dexia (de novembre 1999 \u00e0 octobre 2000)<br \/>\nAdministrateur ind\u00e9pendant d\u2019Ogeo Fund (Institut de Retraite Professionnelle)<br \/>\nMembre du Conseil d\u2019Administration d\u2019Ogeo Fund (juin 2009 &#8211; f\u00e9vrier 2020)<br \/>\nPr\u00e9sident de l\u2019Int\u00e9grale SA.(du 1\/10\/16 au 29\/2\/20)<\/p>\n<p>7. DISTINCTIONS HONORIFIQUES<\/p>\n<p>Grand-Croix de l\u2019Ordre de Leopold II<br \/>\nGrand Officier de l\u2019Ordre de Leopold<br \/>\nCroix civique de premi\u00e8re classe<br \/>\nOfficier de la L\u00e9gion d\u2019Honneur (France)<br \/>\nChevalier Grand-Croix de l\u2019Ordre du M\u00e9rite de la R\u00e9publique italienne<br \/>\nGrand-Croix de l\u2019Ordre royal de l\u2019Etoile polaire (Su\u00e8de)<br \/>\nGrand-Croix de l\u2019Ordre royal du Dannebrog (Danemark)<br \/>\nGrand-Croix de l\u2019Ordre royal norv\u00e9gien du M\u00e9rite<br \/>\nGrand-Croix de l\u2019Ordre du M\u00e9rite diplomatique (Cor\u00e9e)<br \/>\nGrand-Croix de l\u2019Ordre au M\u00e9rite Civil Lib\u00e9rateur Simon Bolivar (Bolivie)<br \/>\nGrand-Croix de M\u00e9rite avec \u00e9toile de l\u2019Ordre du M\u00e9rite de la R\u00e9publique F\u00e9d\u00e9rale d\u2019Allemagne<br \/>\nGrand Officier de l\u2019Ordre Grand-Ducal de la Couronne de Ch\u00eane (Luxembourg)<br \/>\nGrand Officier de l\u2019Ordre national du M\u00e9rite (France)<br \/>\nGrand Officier de l\u2019Ordre d\u2019Isabelle la Catholique (Espagne)<br \/>\nGrand officier de l\u2019Ordre du L\u00e9opard (RD Congo)<br \/>\nCommandeur de l\u2019Ordre national de C\u00f4te d\u2019Ivoire<br \/>\nChevalier de l\u2019Ordre de Saint Stanislas (Russie)<br \/>\nTitulaire des \u00ab\u00a0Palmes Sanmartiniennes\u00a0\u00bb (Argentine)<\/p>\n<p style=\"text-align: center;\">\u00b0\u00b0\u00b0\u00b0\u00b0\u00b0\u00b0\u00b0\u00b0\u00b0\u00b0\u00b0\u00b0\u00b0\u00b0\u00b0\u00b0\u00b0\u00b0\u00b0\u00b0\u00b0\u00b0\u00b0\u00b0\u00b0\u00b0<\/p>\n<p><!-- .entry-content --><\/p>\n<footer class=\"entry-footer\"><span class=\"edit-link\">\u00a0<\/span><\/footer>\n<p><!-- .entry-footer --> <!-- #post-## --> <!-- .site-main --><\/p>\n<aside id=\"content-bottom-widgets\" class=\"content-bottom-widgets\" role=\"complementary\">\n<div class=\"widget-area\">\n<section id=\"recent-posts-1\" class=\"widget widget_recent_entries\">\n<h2 class=\"widget-title\"><\/h2>\n<\/section>\n<\/div>\n<\/aside>\n","protected":false},"excerpt":{"rendered":"<p>CURRICULUM VITAE de Fran\u00e7ois-Xavier de DONNEA (English resume) Date de naissance : 29 avril 1941 \u00e0 EDEGEM Etat civil : mari\u00e9 (Yolaine de VILLEGAS) FONCTIONS ACTUELLES \u2013 Ministre d\u2019Etat \u2013 Membre honoraire de la Chambre des Repr\u00e9sentants \u2013 S\u00e9nateur Honoraire \u2013 Professeur \u00e9m\u00e9rite de l\u2019Universit\u00e9 Catholique de Louvain \u2013 Ex-Pr\u00e9sident du Club du Sahel et &hellip; <a href=\"https:\/\/www.fxdedonnea.be\/?page_id=5\" class=\"more-link\">Continuer la lecture<span class=\"screen-reader-text\"> de &laquo;&nbsp;Curriculum vitae&nbsp;&raquo;<\/span><\/a><\/p>\n","protected":false},"author":1,"featured_media":0,"parent":0,"menu_order":0,"comment_status":"closed","ping_status":"closed","template":"","meta":[],"_links":{"self":[{"href":"https:\/\/www.fxdedonnea.be\/index.php?rest_route=\/wp\/v2\/pages\/5"}],"collection":[{"href":"https:\/\/www.fxdedonnea.be\/index.php?rest_route=\/wp\/v2\/pages"}],"about":[{"href":"https:\/\/www.fxdedonnea.be\/index.php?rest_route=\/wp\/v2\/types\/page"}],"author":[{"embeddable":true,"href":"https:\/\/www.fxdedonnea.be\/index.php?rest_route=\/wp\/v2\/users\/1"}],"replies":[{"embeddable":true,"href":"https:\/\/www.fxdedonnea.be\/index.php?rest_route=%2Fwp%2Fv2%2Fcomments&post=5"}],"version-history":[{"count":23,"href":"https:\/\/www.fxdedonnea.be\/index.php?rest_route=\/wp\/v2\/pages\/5\/revisions"}],"predecessor-version":[{"id":861,"href":"https:\/\/www.fxdedonnea.be\/index.php?rest_route=\/wp\/v2\/pages\/5\/revisions\/861"}],"wp:attachment":[{"href":"https:\/\/www.fxdedonnea.be\/index.php?rest_route=%2Fwp%2Fv2%2Fmedia&parent=5"}],"curies":[{"name":"wp","href":"https:\/\/api.w.org\/{rel}","templated":true}]}}